{"id":375,"date":"2023-03-25T21:32:38","date_gmt":"2023-03-25T20:32:38","guid":{"rendered":"https:\/\/www.sotaytank.com\/?page_id=375"},"modified":"2023-11-02T09:02:48","modified_gmt":"2023-11-02T08:02:48","slug":"iletisim","status":"publish","type":"page","link":"https:\/\/www.sotaytank.com\/tr\/iletisim\/","title":{"rendered":"ileti\u015fim"},"content":{"rendered":"<p>\u0130leti\u015fim kurmam\u0131z\u0131 sa\u011flayal\u0131m.<\/p>\n","protected":false},"excerpt":{"rendered":"<p>\u0130leti\u015fim kurmam\u0131z\u0131 sa\u011flayal\u0131m.<\/p>\n","protected":false},"author":2,"featured_media":0,"parent":0,"menu_order":0,"comment_status":"closed","ping_status":"closed","template":"templates\/template-contact.php","meta":{"inline_featured_image":false,"footnotes":""},"class_list":["post-375","page","type-page","status-publish","hentry"],"_links":{"self":[{"href":"https:\/\/www.sotaytank.com\/tr\/wp-json\/wp\/v2\/pages\/375","targetHints":{"allow":["GET"]}}],"collection":[{"href":"https:\/\/www.sotaytank.com\/tr\/wp-json\/wp\/v2\/pages"}],"about":[{"href":"https:\/\/www.sotaytank.com\/tr\/wp-json\/wp\/v2\/types\/page"}],"author":[{"embeddable":true,"href":"https:\/\/www.sotaytank.com\/tr\/wp-json\/wp\/v2\/users\/2"}],"replies":[{"embeddable":true,"href":"https:\/\/www.sotaytank.com\/tr\/wp-json\/wp\/v2\/comments?post=375"}],"version-history":[{"count":3,"href":"https:\/\/www.sotaytank.com\/tr\/wp-json\/wp\/v2\/pages\/375\/revisions"}],"predecessor-version":[{"id":458,"href":"https:\/\/www.sotaytank.com\/tr\/wp-json\/wp\/v2\/pages\/375\/revisions\/458"}],"wp:attachment":[{"href":"https:\/\/www.sotaytank.com\/tr\/wp-json\/wp\/v2\/media?parent=375"}],"curies":[{"name":"wp","href":"https:\/\/api.w.org\/{rel}","templated":true}]}}